{"id":8,"date":"2025-11-20T13:59:25","date_gmt":"2025-11-20T13:59:25","guid":{"rendered":"http:\/\/wokipxn.cluster121.hosting.ovh.net\/?page_id=8"},"modified":"2026-01-15T15:16:00","modified_gmt":"2026-01-15T15:16:00","slug":"creation-arbres-genealogiques-personnalises","status":"publish","type":"page","link":"https:\/\/passeusedhistoires.fr\/","title":{"rendered":"Cr\u00e9ation d&rsquo;arbres g\u00e9n\u00e9alogiques personnalis\u00e9s"},"content":{"rendered":"\n<div class=\"wp-block-columns is-layout-flex wp-container-core-columns-is-layout-28f84493 wp-block-columns-is-layout-flex\">\n<div class=\"wp-block-column is-vertically-aligned-center is-layout-flow wp-block-column-is-layout-flow\">\n<h2 class=\"wp-block-heading has-text-align-center\">Cr\u00e9ation d&rsquo;arbres g\u00e9n\u00e9alogiques personnalis\u00e9s<\/h2>\n\n\n\n<p>Je cr\u00e9e <strong>des arbres g\u00e9n\u00e9alogiques et des carnets de famille modernes<\/strong> : des objets beaux et lisibles pour comprendre, conserver et transmettre votre histoire familiale. Une g\u00e9n\u00e9alogie rigoureuse, mise en forme avec soin, pens\u00e9e pour \u00eatre partag\u00e9e en famille.<\/p>\n\n\n\n<div class=\"wp-block-buttons is-content-justification-center is-layout-flex wp-container-core-buttons-is-layout-a89b3969 wp-block-buttons-is-layout-flex\">\n<div class=\"wp-block-button\"><a class=\"wp-block-button__link wp-element-button\" href=\"https:\/\/passeusedhistoires.fr\/index.php\/contact-genealogiste-familiale\/\"><strong>Parler de votre proje<\/strong>t<\/a><\/div>\n<\/div>\n<\/div>\n\n\n\n<div class=\"wp-block-column is-layout-flow wp-block-column-is-layout-flow\">\n<figure class=\"wp-block-image size-large has-custom-border\"><img fetchpriority=\"high\" decoding=\"async\" width=\"819\" height=\"1024\" src=\"http:\/\/wokipxn.cluster121.hosting.ovh.net\/wp-content\/uploads\/2025\/11\/Design-sans-titre28-1-819x1024.png\" alt=\"\" class=\"wp-image-52\" style=\"border-radius:10px;aspect-ratio:4\/3;object-fit:cover\" srcset=\"https:\/\/passeusedhistoires.fr\/wp-content\/uploads\/2025\/11\/Design-sans-titre28-1-819x1024.png 819w, https:\/\/passeusedhistoires.fr\/wp-content\/uploads\/2025\/11\/Design-sans-titre28-1-240x300.png 240w, https:\/\/passeusedhistoires.fr\/wp-content\/uploads\/2025\/11\/Design-sans-titre28-1-768x960.png 768w, https:\/\/passeusedhistoires.fr\/wp-content\/uploads\/2025\/11\/Design-sans-titre28-1.png 1080w\" sizes=\"(max-width: 819px) 100vw, 819px\" \/><\/figure>\n<\/div>\n<\/div>\n\n\n\n<h2 class=\"wp-block-heading\">Chaque famille m\u00e9rite que son histoire soit transmise<\/h2>\n\n\n\n<p>Derri\u00e8re chaque nom se cachent des souvenirs, des choix, des silences parfois.<\/p>\n\n\n\n<p>Chez Passeuse d&rsquo;histoires, je vous aide \u00e0 transformer vos recherches ou vos questions familiales en objets clairs, sensibles et durables, pens\u00e9s pour traverser le temps.<\/p>\n\n\n\n<div class=\"wp-block-group has-palette-color-2-background-color has-background is-layout-constrained wp-block-group-is-layout-constrained\" style=\"border-radius:10px\">\n<div class=\"wp-block-group is-layout-constrained wp-block-group-is-layout-constrained\">\n<h2 class=\"wp-block-heading\">CE QUE JE CR\u00c9E POUR VOUS<\/h2>\n\n\n\n<div class=\"wp-block-columns is-layout-flex wp-container-core-columns-is-layout-28f84493 wp-block-columns-is-layout-flex\">\n<div class=\"wp-block-column is-layout-flow wp-block-column-is-layout-flow\" style=\"border-width:1px;border-radius:10px\">\n<div class=\"wp-block-group is-layout-constrained wp-block-group-is-layout-constrained\">\n<h2 class=\"wp-block-heading has-text-align-center\">Arbres g\u00e9n\u00e9alogiques <\/h2>\n\n\n\n<p class=\"has-text-align-center\">Une vue claire de vos anc\u00eatres, con\u00e7ue pour \u00eatre comprise par toute la famille et imprim\u00e9e sur beau papier.<\/p>\n\n\n\n<p class=\"has-text-align-center has-palette-color-3-color has-text-color has-link-color wp-elements-00f9a4acf7307c9f46c04fc2b86f88b6\"><a href=\"https:\/\/passeusedhistoires.fr\/index.php\/arbre-genealogique-personnalise\/\">D\u00e9couvrir les arbres g\u00e9n\u00e9alogiques<\/a><\/p>\n<\/div>\n<\/div>\n\n\n\n<div class=\"wp-block-column is-layout-flow wp-block-column-is-layout-flow\" style=\"border-width:1px;border-radius:10px\">\n<div class=\"wp-block-group is-layout-constrained wp-block-group-is-layout-constrained\">\n<h2 class=\"wp-block-heading has-text-align-center\">Mise en page d&rsquo;arbre g\u00e9n\u00e9alogique<\/h2>\n\n\n\n<p class=\"has-text-align-center\">Transformez vos recherches en un arbre clair et \u00e9l\u00e9gant.<\/p>\n\n\n\n<p class=\"has-text-align-center\"><strong><a href=\"https:\/\/passeusedhistoires.fr\/index.php\/mise-en-page-arbre-genealogique\/\">D\u00e9couvrir la mise en page<\/a><\/strong><\/p>\n<\/div>\n<\/div>\n\n\n\n<div class=\"wp-block-column is-layout-flow wp-block-column-is-layout-flow\">\n<div class=\"wp-block-group is-layout-constrained wp-block-group-is-layout-constrained\" style=\"border-width:1px;border-radius:10px\">\n<div class=\"wp-block-group is-layout-constrained wp-block-group-is-layout-constrained\">\n<h2 class=\"wp-block-heading has-text-align-center\">Cartes cadeau Passeuse d&rsquo;histoires<\/h2>\n\n\n\n<p class=\"has-text-align-center\">Offrez le point de d\u00e9part : une enqu\u00eate g\u00e9n\u00e9alogique ou la mise en forme d&rsquo;un arbre d\u00e9j\u00e0 existant.<\/p>\n\n\n\n<p class=\"has-text-align-center has-palette-color-3-color has-text-color has-link-color wp-elements-9eae14a084841ceb0f9889ca43b794c2\"><strong><a href=\"https:\/\/passeusedhistoires.fr\/index.php\/carte-cadeau-genealogie\/\">D\u00e9couvrir les cartes cadeaux<\/a><\/strong><\/p>\n<\/div>\n<\/div>\n<\/div>\n<\/div>\n<\/div>\n<\/div>\n\n\n\n<hr class=\"wp-block-separator has-alpha-channel-opacity is-style-default\"\/>\n\n\n\n<div class=\"wp-block-columns are-vertically-aligned-center is-layout-flex wp-container-core-columns-is-layout-28f84493 wp-block-columns-is-layout-flex\">\n<div class=\"wp-block-column is-vertically-aligned-center is-layout-flow wp-block-column-is-layout-flow\">\n<div class=\"wp-block-group is-layout-constrained wp-block-group-is-layout-constrained\">\n<h2 class=\"wp-block-heading has-large-font-size\">COMMENT ON TRAVAILLE ENSEMBLE ?<\/h2>\n\n\n\n<ol class=\"wp-block-list\">\n<li style=\"font-size:clamp(14px, 0.875rem + ((1vw - 3.2px) * 0.078), 15px);line-height:2\"><strong>On fait connaissance<\/strong> : Vous me racontez votre famille, ce que vous savez d\u00e9j\u00e0, ce que vous aimeriez comprendre ou transmettre.<\/li>\n\n\n\n<li style=\"font-size:clamp(14px, 0.875rem + ((1vw - 3.2px) * 0.078), 15px);line-height:2\"><strong>Je m\u00e8ne l&rsquo;enqu\u00eate<\/strong> <strong>ou je mets en forme vos donn\u00e9es<\/strong>. Selon votre projet, je recherche dans les archives ou je structure vos informations existantes avec m\u00e9thode et rigueur.<\/li>\n\n\n\n<li style=\"font-size:clamp(14px, 0.875rem + ((1vw - 3.2px) * 0.078), 15px);line-height:2\"><strong>Vous recevez un objet \u00e0 transmettre<\/strong> : je cr\u00e9e un arbre ou un carnet imprim\u00e9 sur un beau papier, pens\u00e9 pour \u00eatre conserv\u00e9, offert et partag\u00e9.<\/li>\n<\/ol>\n\n\n\n<div class=\"wp-block-buttons is-content-justification-center is-layout-flex wp-container-core-buttons-is-layout-a89b3969 wp-block-buttons-is-layout-flex\">\n<div class=\"wp-block-button\"><a class=\"wp-block-button__link wp-element-button\" href=\"https:\/\/passeusedhistoires.fr\/index.php\/arbre-genealogique-personnalise\/\">Voir un exemple de cr\u00e9ation<\/a><\/div>\n<\/div>\n<\/div>\n<\/div>\n\n\n\n<div class=\"wp-block-column is-vertically-aligned-center is-layout-flow wp-block-column-is-layout-flow\">\n<figure class=\"wp-block-image size-large has-custom-border\"><img decoding=\"async\" width=\"768\" height=\"1024\" src=\"http:\/\/wokipxn.cluster121.hosting.ovh.net\/wp-content\/uploads\/2025\/11\/pro-HPz4TWvm-768x1024.jpeg\" alt=\"\" class=\"wp-image-81\" style=\"border-radius:10px;aspect-ratio:4\/3;object-fit:cover\" srcset=\"https:\/\/passeusedhistoires.fr\/wp-content\/uploads\/2025\/11\/pro-HPz4TWvm-768x1024.jpeg 768w, https:\/\/passeusedhistoires.fr\/wp-content\/uploads\/2025\/11\/pro-HPz4TWvm-225x300.jpeg 225w, https:\/\/passeusedhistoires.fr\/wp-content\/uploads\/2025\/11\/pro-HPz4TWvm-1152x1536.jpeg 1152w, https:\/\/passeusedhistoires.fr\/wp-content\/uploads\/2025\/11\/pro-HPz4TWvm-1536x2048.jpeg 1536w, https:\/\/passeusedhistoires.fr\/wp-content\/uploads\/2025\/11\/pro-HPz4TWvm-scaled.jpeg 1920w\" sizes=\"(max-width: 768px) 100vw, 768px\" \/><\/figure>\n<\/div>\n<\/div>\n\n\n\n<hr class=\"wp-block-separator has-alpha-channel-opacity\"\/>\n\n\n\n<h2 class=\"wp-block-heading\"> CE QU&rsquo;ILS EN DISENT<\/h2>\n\n\n\n<blockquote class=\"wp-block-quote is-layout-flow wp-block-quote-is-layout-flow\">\n<p>\u201cC\u2019est magnifique ce qu\u2019elle fait.\u201d<\/p>\n<\/blockquote>\n\n\n\n<blockquote class=\"wp-block-quote is-layout-flow wp-block-quote-is-layout-flow\">\n<p>\u201cJe ne savais pas que notre l\u00e9gende familiale \u00e9tait vraie.\u201d<\/p>\n<\/blockquote>\n\n\n\n<blockquote class=\"wp-block-quote is-layout-flow wp-block-quote-is-layout-flow\">\n<p>\u201cTout est sourc\u00e9, pr\u00e9cis, et tellement \u00e9mouvant.\u201d<\/p>\n<\/blockquote>\n\n\n\n<h2 class=\"wp-block-heading has-large-font-size\">PASSEUSE D&rsquo;HISTOIRES , C&rsquo;EST MOI.<\/h2>\n\n\n\n<figure class=\"wp-block-image aligncenter size-large is-resized is-style-rounded\"><img decoding=\"async\" width=\"587\" height=\"1024\" src=\"http:\/\/wokipxn.cluster121.hosting.ovh.net\/wp-content\/uploads\/2025\/11\/Screenshot_20251121_172856_Gallery1-587x1024.jpg\" alt=\"\" class=\"wp-image-100\" style=\"aspect-ratio:1;object-fit:cover;width:255px;height:auto\" srcset=\"https:\/\/passeusedhistoires.fr\/wp-content\/uploads\/2025\/11\/Screenshot_20251121_172856_Gallery1-587x1024.jpg 587w, https:\/\/passeusedhistoires.fr\/wp-content\/uploads\/2025\/11\/Screenshot_20251121_172856_Gallery1-172x300.jpg 172w, https:\/\/passeusedhistoires.fr\/wp-content\/uploads\/2025\/11\/Screenshot_20251121_172856_Gallery1-768x1340.jpg 768w, https:\/\/passeusedhistoires.fr\/wp-content\/uploads\/2025\/11\/Screenshot_20251121_172856_Gallery1-880x1536.jpg 880w, https:\/\/passeusedhistoires.fr\/wp-content\/uploads\/2025\/11\/Screenshot_20251121_172856_Gallery1.jpg 1080w\" sizes=\"(max-width: 587px) 100vw, 587px\" \/><\/figure>\n\n\n\n<blockquote class=\"wp-block-quote has-text-align-center is-style-large is-layout-flow wp-block-quote-is-layout-flow\">\n<p class=\"has-medium-font-size\">\u00ab\u00a0Je m&rsquo;appelle \u00c9milie, je suis g\u00e9n\u00e9alogiste professionnelle. J&rsquo;ai cr\u00e9e Passeuse d&rsquo;histoires pour rendre la g\u00e9n\u00e9alogie belle,moderne et accessible : moins de jargon, plus de clart\u00e9, et des objets pens\u00e9s pour \u00eatre partag\u00e9s en famille. <\/p>\n\n\n\n<p class=\"has-medium-font-size\">J&rsquo;aime les archives autant que les beaux papiers et les jolis carnets, les l\u00e9gendes familiales autant que les preuves.\u00a0\u00bb<\/p>\n<\/blockquote>\n\n\n\n<hr class=\"wp-block-separator has-css-opacity is-style-default\"\/>\n\n\n\n<div class=\"wp-block-columns is-layout-flex wp-container-core-columns-is-layout-28f84493 wp-block-columns-is-layout-flex\">\n<div class=\"wp-block-column is-layout-flow wp-block-column-is-layout-flow\">\n<figure class=\"wp-block-image size-large has-custom-border\"><img loading=\"lazy\" decoding=\"async\" width=\"819\" height=\"1024\" src=\"http:\/\/wokipxn.cluster121.hosting.ovh.net\/wp-content\/uploads\/2025\/11\/Beige-Minimal-Social-Media-Post-Tips-Instagram-Post1-819x1024.png\" alt=\"\" class=\"wp-image-101\" style=\"border-radius:10px\" srcset=\"https:\/\/passeusedhistoires.fr\/wp-content\/uploads\/2025\/11\/Beige-Minimal-Social-Media-Post-Tips-Instagram-Post1-819x1024.png 819w, https:\/\/passeusedhistoires.fr\/wp-content\/uploads\/2025\/11\/Beige-Minimal-Social-Media-Post-Tips-Instagram-Post1-240x300.png 240w, https:\/\/passeusedhistoires.fr\/wp-content\/uploads\/2025\/11\/Beige-Minimal-Social-Media-Post-Tips-Instagram-Post1-768x960.png 768w, https:\/\/passeusedhistoires.fr\/wp-content\/uploads\/2025\/11\/Beige-Minimal-Social-Media-Post-Tips-Instagram-Post1.png 1080w\" sizes=\"(max-width: 819px) 100vw, 819px\" \/><\/figure>\n<\/div>\n\n\n\n<div class=\"wp-block-column is-layout-flow wp-block-column-is-layout-flow\">\n<figure class=\"wp-block-image size-large has-custom-border\"><img loading=\"lazy\" decoding=\"async\" width=\"819\" height=\"1024\" src=\"http:\/\/wokipxn.cluster121.hosting.ovh.net\/wp-content\/uploads\/2025\/11\/Design-sans-titre28-1-819x1024.png\" alt=\"\" class=\"wp-image-52\" style=\"border-radius:10px\" srcset=\"https:\/\/passeusedhistoires.fr\/wp-content\/uploads\/2025\/11\/Design-sans-titre28-1-819x1024.png 819w, https:\/\/passeusedhistoires.fr\/wp-content\/uploads\/2025\/11\/Design-sans-titre28-1-240x300.png 240w, https:\/\/passeusedhistoires.fr\/wp-content\/uploads\/2025\/11\/Design-sans-titre28-1-768x960.png 768w, https:\/\/passeusedhistoires.fr\/wp-content\/uploads\/2025\/11\/Design-sans-titre28-1.png 1080w\" sizes=\"(max-width: 819px) 100vw, 819px\" \/><\/figure>\n<\/div>\n\n\n\n<div class=\"wp-block-column is-layout-flow wp-block-column-is-layout-flow\">\n<figure class=\"wp-block-image size-large is-resized has-custom-border\"><img loading=\"lazy\" decoding=\"async\" width=\"819\" height=\"1024\" src=\"http:\/\/wokipxn.cluster121.hosting.ovh.net\/wp-content\/uploads\/2025\/11\/Beige-Minimal-Social-Media-Post-Tips-Instagram-Post2-819x1024.png\" alt=\"\" class=\"wp-image-102\" style=\"border-radius:10px;width:370px;height:auto\" srcset=\"https:\/\/passeusedhistoires.fr\/wp-content\/uploads\/2025\/11\/Beige-Minimal-Social-Media-Post-Tips-Instagram-Post2-819x1024.png 819w, https:\/\/passeusedhistoires.fr\/wp-content\/uploads\/2025\/11\/Beige-Minimal-Social-Media-Post-Tips-Instagram-Post2-240x300.png 240w, https:\/\/passeusedhistoires.fr\/wp-content\/uploads\/2025\/11\/Beige-Minimal-Social-Media-Post-Tips-Instagram-Post2-768x960.png 768w, https:\/\/passeusedhistoires.fr\/wp-content\/uploads\/2025\/11\/Beige-Minimal-Social-Media-Post-Tips-Instagram-Post2.png 1080w\" sizes=\"(max-width: 819px) 100vw, 819px\" \/><\/figure>\n<\/div>\n<\/div>\n\n\n\n<p class=\"has-text-align-center\">\u00a0\u00bb Derri\u00e8re chaque arbre, il y a des heures de recherches, de validations et beaucoup d&rsquo;\u00e9motion \u00e0 la livraison \u00ab\u00a0<\/p>\n\n\n\n<h2 class=\"wp-block-heading\">CHAQUE FAMILLE M\u00c9RITE QU&rsquo;ON RACONTE SON HISTOIRE<\/h2>\n\n\n\n<p>Contactez-moi pour commencer la v\u00f4tre.<\/p>\n\n\n\n<div class=\"wp-block-buttons is-layout-flex wp-block-buttons-is-layout-flex\">\n<div class=\"wp-block-button\"><a class=\"wp-block-button__link wp-element-button\" href=\"https:\/\/passeusedhistoires.fr\/index.php\/contact-genealogiste-familiale\/\">Parler de votre projet<\/a><\/div>\n<\/div>\n\n\n\n<h2 class=\"wp-block-heading\">MENTIONS UTILES<\/h2>\n\n\n\n<ul class=\"wp-block-list\">\n<li>Impression en France, papier beaux-arts <strong>200\u2013250 g<\/strong>.<\/li>\n\n\n\n<li>Envoi <strong>Colissimo suivi<\/strong> (carton rigide).<\/li>\n\n\n\n<li class=\"has-palette-color-3-color has-text-color has-link-color wp-elements-2b2f7ff858b7749c481142252646469b\"><a href=\"https:\/\/passeusedhistoires.fr\/index.php\/privacy-policy\/\"><strong>CGV<\/strong> &amp; <strong>Mentions l\u00e9gales<\/strong> <\/a><\/li>\n<\/ul>\n\n\n\n<p><\/p>\n","protected":false},"excerpt":{"rendered":"<p>Cr\u00e9ation d&rsquo;arbres g\u00e9n\u00e9alogiques personnalis\u00e9s Je cr\u00e9e des arbres g\u00e9n\u00e9alogiques et des carnets de famille modernes : des objets beaux et lisibles pour comprendre, conserver et transmettre votre histoire familiale. Une g\u00e9n\u00e9alogie rigoureuse, mise en forme avec soin, pens\u00e9e pour \u00eatre partag\u00e9e en famille. Chaque famille m\u00e9rite que son histoire soit transmise Derri\u00e8re chaque nom se [&hellip;]<\/p>\n","protected":false},"author":1,"featured_media":0,"parent":0,"menu_order":0,"comment_status":"closed","ping_status":"closed","template":"","meta":{"footnotes":""},"class_list":["post-8","page","type-page","status-publish","hentry"],"blocksy_meta":[],"yoast_head":"<!-- This site is optimized with the Yoast SEO plugin v26.4 - https:\/\/yoast.com\/wordpress\/plugins\/seo\/ -->\n<title>Cr\u00e9ation d&#039;arbres g\u00e9n\u00e9alogiques personnalis\u00e9s - Passeuse d&#039;histoires<\/title>\n<meta name=\"description\" content=\"Cr\u00e9ation d&#039;arbres g\u00e9n\u00e9alogiques personnalis\u00e9s. Des objets beaux, lisibles pour comprendre, conserver et transmettre votre histoire familiale\" \/>\n<meta name=\"robots\" content=\"index, follow, max-snippet:-1, max-image-preview:large, max-video-preview:-1\" \/>\n<link rel=\"canonical\" href=\"https:\/\/passeusedhistoires.fr\/\" \/>\n<meta property=\"og:locale\" content=\"fr_FR\" \/>\n<meta property=\"og:type\" content=\"article\" \/>\n<meta property=\"og:title\" content=\"Cr\u00e9ation d&#039;arbres g\u00e9n\u00e9alogiques personnalis\u00e9s - Passeuse d&#039;histoires\" \/>\n<meta property=\"og:description\" content=\"Cr\u00e9ation d&#039;arbres g\u00e9n\u00e9alogiques personnalis\u00e9s. Des objets beaux, lisibles pour comprendre, conserver et transmettre votre histoire familiale\" \/>\n<meta property=\"og:url\" content=\"https:\/\/passeusedhistoires.fr\/\" \/>\n<meta property=\"og:site_name\" content=\"Passeuse d&#039;histoires\" \/>\n<meta property=\"article:modified_time\" content=\"2026-01-15T15:16:00+00:00\" \/>\n<meta property=\"og:image\" content=\"https:\/\/passeusedhistoires.fr\/wp-content\/uploads\/2025\/11\/Design-sans-titre28-1.png\" \/>\n\t<meta property=\"og:image:width\" content=\"1080\" \/>\n\t<meta property=\"og:image:height\" content=\"1350\" \/>\n\t<meta property=\"og:image:type\" content=\"image\/png\" \/>\n<meta name=\"twitter:card\" content=\"summary_large_image\" \/>\n<meta name=\"twitter:label1\" content=\"Dur\u00e9e de lecture estim\u00e9e\" \/>\n\t<meta name=\"twitter:data1\" content=\"3 minutes\" \/>\n<script type=\"application\/ld+json\" class=\"yoast-schema-graph\">{\"@context\":\"https:\/\/schema.org\",\"@graph\":[{\"@type\":\"WebPage\",\"@id\":\"https:\/\/passeusedhistoires.fr\/\",\"url\":\"https:\/\/passeusedhistoires.fr\/\",\"name\":\"Cr\u00e9ation d'arbres g\u00e9n\u00e9alogiques personnalis\u00e9s - Passeuse d&#039;histoires\",\"isPartOf\":{\"@id\":\"https:\/\/passeusedhistoires.fr\/#website\"},\"primaryImageOfPage\":{\"@id\":\"https:\/\/passeusedhistoires.fr\/#primaryimage\"},\"image\":{\"@id\":\"https:\/\/passeusedhistoires.fr\/#primaryimage\"},\"thumbnailUrl\":\"http:\/\/wokipxn.cluster121.hosting.ovh.net\/wp-content\/uploads\/2025\/11\/Design-sans-titre28-1-819x1024.png\",\"datePublished\":\"2025-11-20T13:59:25+00:00\",\"dateModified\":\"2026-01-15T15:16:00+00:00\",\"description\":\"Cr\u00e9ation d'arbres g\u00e9n\u00e9alogiques personnalis\u00e9s. Des objets beaux, lisibles pour comprendre, conserver et transmettre votre histoire familiale\",\"breadcrumb\":{\"@id\":\"https:\/\/passeusedhistoires.fr\/#breadcrumb\"},\"inLanguage\":\"fr-FR\",\"potentialAction\":[{\"@type\":\"ReadAction\",\"target\":[\"https:\/\/passeusedhistoires.fr\/\"]}]},{\"@type\":\"ImageObject\",\"inLanguage\":\"fr-FR\",\"@id\":\"https:\/\/passeusedhistoires.fr\/#primaryimage\",\"url\":\"http:\/\/wokipxn.cluster121.hosting.ovh.net\/wp-content\/uploads\/2025\/11\/Design-sans-titre28-1-819x1024.png\",\"contentUrl\":\"http:\/\/wokipxn.cluster121.hosting.ovh.net\/wp-content\/uploads\/2025\/11\/Design-sans-titre28-1-819x1024.png\"},{\"@type\":\"BreadcrumbList\",\"@id\":\"https:\/\/passeusedhistoires.fr\/#breadcrumb\",\"itemListElement\":[{\"@type\":\"ListItem\",\"position\":1,\"name\":\"Accueil\",\"item\":\"https:\/\/passeusedhistoires.fr\/\"},{\"@type\":\"ListItem\",\"position\":2,\"name\":\"Cr\u00e9ation d&rsquo;arbres g\u00e9n\u00e9alogiques personnalis\u00e9s\"}]},{\"@type\":\"WebSite\",\"@id\":\"https:\/\/passeusedhistoires.fr\/#website\",\"url\":\"https:\/\/passeusedhistoires.fr\/\",\"name\":\"Passeuse d'histoires\",\"description\":\"G\u00e9n\u00e9alogie moderne pour pr\u00e9server vos histoires de famille\",\"publisher\":{\"@id\":\"https:\/\/passeusedhistoires.fr\/#organization\"},\"potentialAction\":[{\"@type\":\"SearchAction\",\"target\":{\"@type\":\"EntryPoint\",\"urlTemplate\":\"https:\/\/passeusedhistoires.fr\/?s={search_term_string}\"},\"query-input\":{\"@type\":\"PropertyValueSpecification\",\"valueRequired\":true,\"valueName\":\"search_term_string\"}}],\"inLanguage\":\"fr-FR\"},{\"@type\":\"Organization\",\"@id\":\"https:\/\/passeusedhistoires.fr\/#organization\",\"name\":\"Passeuse d'histoires\",\"url\":\"https:\/\/passeusedhistoires.fr\/\",\"logo\":{\"@type\":\"ImageObject\",\"inLanguage\":\"fr-FR\",\"@id\":\"https:\/\/passeusedhistoires.fr\/#\/schema\/logo\/image\/\",\"url\":\"https:\/\/passeusedhistoires.fr\/wp-content\/uploads\/2025\/11\/cropped-cropped-logo-Passeuse.png\",\"contentUrl\":\"https:\/\/passeusedhistoires.fr\/wp-content\/uploads\/2025\/11\/cropped-cropped-logo-Passeuse.png\",\"width\":512,\"height\":171,\"caption\":\"Passeuse d'histoires\"},\"image\":{\"@id\":\"https:\/\/passeusedhistoires.fr\/#\/schema\/logo\/image\/\"},\"sameAs\":[\"https:\/\/www.instagram.com\/passeuse.dhistoires\/\"]}]}<\/script>\n<!-- \/ Yoast SEO plugin. -->","yoast_head_json":{"title":"Cr\u00e9ation d'arbres g\u00e9n\u00e9alogiques personnalis\u00e9s - Passeuse d&#039;histoires","description":"Cr\u00e9ation d'arbres g\u00e9n\u00e9alogiques personnalis\u00e9s. Des objets beaux, lisibles pour comprendre, conserver et transmettre votre histoire familiale","robots":{"index":"index","follow":"follow","max-snippet":"max-snippet:-1","max-image-preview":"max-image-preview:large","max-video-preview":"max-video-preview:-1"},"canonical":"https:\/\/passeusedhistoires.fr\/","og_locale":"fr_FR","og_type":"article","og_title":"Cr\u00e9ation d'arbres g\u00e9n\u00e9alogiques personnalis\u00e9s - Passeuse d&#039;histoires","og_description":"Cr\u00e9ation d'arbres g\u00e9n\u00e9alogiques personnalis\u00e9s. Des objets beaux, lisibles pour comprendre, conserver et transmettre votre histoire familiale","og_url":"https:\/\/passeusedhistoires.fr\/","og_site_name":"Passeuse d&#039;histoires","article_modified_time":"2026-01-15T15:16:00+00:00","og_image":[{"width":1080,"height":1350,"url":"https:\/\/passeusedhistoires.fr\/wp-content\/uploads\/2025\/11\/Design-sans-titre28-1.png","type":"image\/png"}],"twitter_card":"summary_large_image","twitter_misc":{"Dur\u00e9e de lecture estim\u00e9e":"3 minutes"},"schema":{"@context":"https:\/\/schema.org","@graph":[{"@type":"WebPage","@id":"https:\/\/passeusedhistoires.fr\/","url":"https:\/\/passeusedhistoires.fr\/","name":"Cr\u00e9ation d'arbres g\u00e9n\u00e9alogiques personnalis\u00e9s - Passeuse d&#039;histoires","isPartOf":{"@id":"https:\/\/passeusedhistoires.fr\/#website"},"primaryImageOfPage":{"@id":"https:\/\/passeusedhistoires.fr\/#primaryimage"},"image":{"@id":"https:\/\/passeusedhistoires.fr\/#primaryimage"},"thumbnailUrl":"http:\/\/wokipxn.cluster121.hosting.ovh.net\/wp-content\/uploads\/2025\/11\/Design-sans-titre28-1-819x1024.png","datePublished":"2025-11-20T13:59:25+00:00","dateModified":"2026-01-15T15:16:00+00:00","description":"Cr\u00e9ation d'arbres g\u00e9n\u00e9alogiques personnalis\u00e9s. Des objets beaux, lisibles pour comprendre, conserver et transmettre votre histoire familiale","breadcrumb":{"@id":"https:\/\/passeusedhistoires.fr\/#breadcrumb"},"inLanguage":"fr-FR","potentialAction":[{"@type":"ReadAction","target":["https:\/\/passeusedhistoires.fr\/"]}]},{"@type":"ImageObject","inLanguage":"fr-FR","@id":"https:\/\/passeusedhistoires.fr\/#primaryimage","url":"http:\/\/wokipxn.cluster121.hosting.ovh.net\/wp-content\/uploads\/2025\/11\/Design-sans-titre28-1-819x1024.png","contentUrl":"http:\/\/wokipxn.cluster121.hosting.ovh.net\/wp-content\/uploads\/2025\/11\/Design-sans-titre28-1-819x1024.png"},{"@type":"BreadcrumbList","@id":"https:\/\/passeusedhistoires.fr\/#breadcrumb","itemListElement":[{"@type":"ListItem","position":1,"name":"Accueil","item":"https:\/\/passeusedhistoires.fr\/"},{"@type":"ListItem","position":2,"name":"Cr\u00e9ation d&rsquo;arbres g\u00e9n\u00e9alogiques personnalis\u00e9s"}]},{"@type":"WebSite","@id":"https:\/\/passeusedhistoires.fr\/#website","url":"https:\/\/passeusedhistoires.fr\/","name":"Passeuse d'histoires","description":"G\u00e9n\u00e9alogie moderne pour pr\u00e9server vos histoires de famille","publisher":{"@id":"https:\/\/passeusedhistoires.fr\/#organization"},"potentialAction":[{"@type":"SearchAction","target":{"@type":"EntryPoint","urlTemplate":"https:\/\/passeusedhistoires.fr\/?s={search_term_string}"},"query-input":{"@type":"PropertyValueSpecification","valueRequired":true,"valueName":"search_term_string"}}],"inLanguage":"fr-FR"},{"@type":"Organization","@id":"https:\/\/passeusedhistoires.fr\/#organization","name":"Passeuse d'histoires","url":"https:\/\/passeusedhistoires.fr\/","logo":{"@type":"ImageObject","inLanguage":"fr-FR","@id":"https:\/\/passeusedhistoires.fr\/#\/schema\/logo\/image\/","url":"https:\/\/passeusedhistoires.fr\/wp-content\/uploads\/2025\/11\/cropped-cropped-logo-Passeuse.png","contentUrl":"https:\/\/passeusedhistoires.fr\/wp-content\/uploads\/2025\/11\/cropped-cropped-logo-Passeuse.png","width":512,"height":171,"caption":"Passeuse d'histoires"},"image":{"@id":"https:\/\/passeusedhistoires.fr\/#\/schema\/logo\/image\/"},"sameAs":["https:\/\/www.instagram.com\/passeuse.dhistoires\/"]}]}},"_links":{"self":[{"href":"https:\/\/passeusedhistoires.fr\/index.php\/wp-json\/wp\/v2\/pages\/8","targetHints":{"allow":["GET"]}}],"collection":[{"href":"https:\/\/passeusedhistoires.fr\/index.php\/wp-json\/wp\/v2\/pages"}],"about":[{"href":"https:\/\/passeusedhistoires.fr\/index.php\/wp-json\/wp\/v2\/types\/page"}],"author":[{"embeddable":true,"href":"https:\/\/passeusedhistoires.fr\/index.php\/wp-json\/wp\/v2\/users\/1"}],"replies":[{"embeddable":true,"href":"https:\/\/passeusedhistoires.fr\/index.php\/wp-json\/wp\/v2\/comments?post=8"}],"version-history":[{"count":44,"href":"https:\/\/passeusedhistoires.fr\/index.php\/wp-json\/wp\/v2\/pages\/8\/revisions"}],"predecessor-version":[{"id":194,"href":"https:\/\/passeusedhistoires.fr\/index.php\/wp-json\/wp\/v2\/pages\/8\/revisions\/194"}],"wp:attachment":[{"href":"https:\/\/passeusedhistoires.fr\/index.php\/wp-json\/wp\/v2\/media?parent=8"}],"curies":[{"name":"wp","href":"https:\/\/api.w.org\/{rel}","templated":true}]}}